{"id":3114,"date":"2024-10-14T23:36:45","date_gmt":"2024-10-14T23:36:45","guid":{"rendered":"https:\/\/protection.abogadosnow.com\/employment\/non-competition-clauses\/"},"modified":"2024-10-31T01:49:47","modified_gmt":"2024-10-31T01:49:47","slug":"non-competition-clauses","status":"publish","type":"page","link":"https:\/\/www.protectionlawgroup.com\/es\/employment\/non-competition-clauses\/","title":{"rendered":"Cl\u00e1usulas de No Competencia"},"content":{"rendered":"<div data-elementor-type=\"wp-page\" data-elementor-id=\"3114\" class=\"elementor elementor-3114\" data-elementor-post-type=\"page\">\n\t\t\t\t<div class=\"elementor-element elementor-element-db2b7c3 e-con-full e-flex e-con e-parent\" data-id=\"db2b7c3\" data-element_type=\"container\" data-e-type=\"container\" data-settings=\"{&quot;background_background&quot;:&quot;classic&quot;}\">\n\t\t\t\t<div class=\"elementor-element elementor-element-0cc7868 elementor-widget elementor-widget-heading\" data-id=\"0cc7868\" data-element_type=\"widget\" data-e-type=\"widget\" data-widget_type=\"heading.default\">\n\t\t\t\t<div class=\"elementor-widget-container\">\n\t\t\t\t\t<h2 class=\"elementor-heading-title elementor-size-default\">Cl\u00e1usulas de No Competencia  \n<\/h2>\t\t\t\t<\/div>\n\t\t\t\t<\/div>\n\t\t\t\t<div class=\"elementor-element elementor-element-7750ad4 elementor-widget-divider--view-line elementor-widget elementor-widget-divider\" data-id=\"7750ad4\" data-element_type=\"widget\" data-e-type=\"widget\" data-widget_type=\"divider.default\">\n\t\t\t\t<div class=\"elementor-widget-container\">\n\t\t\t\t\t\t\t<div class=\"elementor-divider\">\n\t\t\t<span class=\"elementor-divider-separator\">\n\t\t\t\t\t\t<\/span>\n\t\t<\/div>\n\t\t\t\t\t\t<\/div>\n\t\t\t\t<\/div>\n\t\t\t\t<\/div>\n\t\t<div class=\"elementor-element elementor-element-4e6dbf3 e-flex e-con-boxed e-con e-parent\" data-id=\"4e6dbf3\" data-element_type=\"container\" data-e-type=\"container\">\n\t\t\t\t\t<div class=\"e-con-inner\">\n\t\t<div class=\"elementor-element elementor-element-755f8f3 e-con-full e-flex e-con e-child\" data-id=\"755f8f3\" data-element_type=\"container\" data-e-type=\"container\">\n\t\t\t\t<div class=\"elementor-element elementor-element-6e0482a elementor-widget elementor-widget-image\" data-id=\"6e0482a\" data-element_type=\"widget\" data-e-type=\"widget\" data-widget_type=\"image.default\">\n\t\t\t\t<div class=\"elementor-widget-container\">\n\t\t\t\t\t\t\t\t\t\t\t\t\t\t\t<img fetchpriority=\"high\" decoding=\"async\" width=\"800\" height=\"534\" src=\"https:\/\/www.protectionlawgroup.com\/wp-content\/uploads\/2024\/10\/Depositphotos_24695951_XL-1024x683.webp\" class=\"attachment-large size-large wp-image-3892\" alt=\"\" srcset=\"https:\/\/www.protectionlawgroup.com\/wp-content\/uploads\/2024\/10\/Depositphotos_24695951_XL-1024x683.webp 1024w, https:\/\/www.protectionlawgroup.com\/wp-content\/uploads\/2024\/10\/Depositphotos_24695951_XL-300x200.webp 300w, https:\/\/www.protectionlawgroup.com\/wp-content\/uploads\/2024\/10\/Depositphotos_24695951_XL-768x512.webp 768w, https:\/\/www.protectionlawgroup.com\/wp-content\/uploads\/2024\/10\/Depositphotos_24695951_XL-1536x1024.webp 1536w, https:\/\/www.protectionlawgroup.com\/wp-content\/uploads\/2024\/10\/Depositphotos_24695951_XL-18x12.webp 18w, https:\/\/www.protectionlawgroup.com\/wp-content\/uploads\/2024\/10\/Depositphotos_24695951_XL.webp 1600w\" sizes=\"(max-width: 800px) 100vw, 800px\" \/>\t\t\t\t\t\t\t\t\t\t\t\t\t\t\t<\/div>\n\t\t\t\t<\/div>\n\t\t\t\t<div class=\"elementor-element elementor-element-bbdb174 elementor-absolute elementor-widget elementor-widget-image\" data-id=\"bbdb174\" data-element_type=\"widget\" data-e-type=\"widget\" data-settings=\"{&quot;_position&quot;:&quot;absolute&quot;}\" data-widget_type=\"image.default\">\n\t\t\t\t<div class=\"elementor-widget-container\">\n\t\t\t\t\t\t\t\t\t\t\t\t\t\t\t<img decoding=\"async\" width=\"800\" height=\"500\" src=\"https:\/\/www.protectionlawgroup.com\/wp-content\/uploads\/2023\/05\/border1-1024x640.png\" class=\"attachment-large size-large wp-image-853\" alt=\"\" srcset=\"https:\/\/www.protectionlawgroup.com\/wp-content\/uploads\/2023\/05\/border1-1024x640.png 1024w, https:\/\/www.protectionlawgroup.com\/wp-content\/uploads\/2023\/05\/border1-300x188.png 300w, https:\/\/www.protectionlawgroup.com\/wp-content\/uploads\/2023\/05\/border1-768x480.png 768w, https:\/\/www.protectionlawgroup.com\/wp-content\/uploads\/2023\/05\/border1-18x12.png 18w, https:\/\/www.protectionlawgroup.com\/wp-content\/uploads\/2023\/05\/border1.png 1440w\" sizes=\"(max-width: 800px) 100vw, 800px\" \/>\t\t\t\t\t\t\t\t\t\t\t\t\t\t\t<\/div>\n\t\t\t\t<\/div>\n\t\t\t\t<\/div>\n\t\t<div class=\"elementor-element elementor-element-5c706f1 e-con-full e-flex e-con e-child\" data-id=\"5c706f1\" data-element_type=\"container\" data-e-type=\"container\">\n\t\t\t\t<div class=\"elementor-element elementor-element-6bab251 elementor-widget elementor-widget-text-editor\" data-id=\"6bab251\" data-element_type=\"widget\" data-e-type=\"widget\" data-widget_type=\"text-editor.default\">\n\t\t\t\t<div class=\"elementor-widget-container\">\n\t\t\t\t\t\t\t\t\t<p>Las cl\u00e1usulas de no competencia est\u00e1n dise\u00f1adas para prohibir a los empleados participar en actividades competitivas despu\u00e9s de dejar a su empleador actual. Sin embargo, el C\u00f3digo de Negocios y Profesiones de California, espec\u00edficamente la secci\u00f3n 16600, declara que estas cl\u00e1usulas son ilegales y defiende la libertad de los trabajadores para cambiar de empleo sin dificultades ni consecuencias.\u00a0<\/p><p>A pesar de su inaplicabilidad, los empleadores a\u00fan incluyen estas cl\u00e1usulas en contratos y pol\u00edticas, lo que enga\u00f1a a los empleados sobre sus opciones laborales posteriores. Tambi\u00e9n es importante se\u00f1alar que California proh\u00edbe a los empleadores de otros estados utilizar \"cl\u00e1usulas de elecci\u00f3n de ley\" para imponer acuerdos de no competencia bajo las leyes de otro estado. Esta protecci\u00f3n asegura que los trabajadores de California no est\u00e9n sujetos a acuerdos de no competencia, incluso si trabajan para empresas fuera del estado o si trabajan temporalmente en otros estados.\u00a0<\/p>\t\t\t\t\t\t\t\t<\/div>\n\t\t\t\t<\/div>\n\t\t\t\t<\/div>\n\t\t\t\t\t<\/div>\n\t\t\t\t<\/div>\n\t\t<div class=\"elementor-element elementor-element-c864adc e-flex e-con-boxed e-con e-parent\" data-id=\"c864adc\" data-element_type=\"container\" data-e-type=\"container\" data-settings=\"{&quot;background_background&quot;:&quot;classic&quot;}\">\n\t\t\t\t\t<div class=\"e-con-inner\">\n\t\t<div class=\"elementor-element elementor-element-9ceeae2 e-con-full e-flex e-con e-child\" data-id=\"9ceeae2\" data-element_type=\"container\" data-e-type=\"container\" data-settings=\"{&quot;background_background&quot;:&quot;classic&quot;}\">\n\t\t\t\t<div class=\"elementor-element elementor-element-9da0c59 elementor-widget elementor-widget-text-editor\" data-id=\"9da0c59\" data-element_type=\"widget\" data-e-type=\"widget\" data-widget_type=\"text-editor.default\">\n\t\t\t\t<div class=\"elementor-widget-container\">\n\t\t\t\t\t\t\t\t\t<p>Sin embargo, existen excepciones limitadas en las que los acuerdos de no competencia son permitidos en California. Estas incluyen situaciones que involucran la venta de un negocio, disoluci\u00f3n de sociedades o cuando un miembro deja una LLC. En estos casos, los acuerdos deben ser razonables en alcance, tanto geogr\u00e1ficamente como en tiempo, para ser v\u00e1lidos y ejecutables.\u00a0<\/p>\t\t\t\t\t\t\t\t<\/div>\n\t\t\t\t<\/div>\n\t\t\t\t<\/div>\n\t\t\t\t\t<\/div>\n\t\t\t\t<\/div>\n\t\t<div class=\"elementor-element elementor-element-53727fc e-flex e-con-boxed e-con e-parent\" data-id=\"53727fc\" data-element_type=\"container\" data-e-type=\"container\" data-settings=\"{&quot;background_background&quot;:&quot;classic&quot;}\">\n\t\t\t\t\t<div class=\"e-con-inner\">\n\t\t<div class=\"elementor-element elementor-element-b026dd9 e-con-full e-flex e-con e-child\" data-id=\"b026dd9\" data-element_type=\"container\" data-e-type=\"container\" data-settings=\"{&quot;background_background&quot;:&quot;classic&quot;}\">\n\t\t\t\t<div class=\"elementor-element elementor-element-c111004 elementor-widget elementor-widget-heading\" data-id=\"c111004\" data-element_type=\"widget\" data-e-type=\"widget\" data-widget_type=\"heading.default\">\n\t\t\t\t<div class=\"elementor-widget-container\">\n\t\t\t\t\t<p class=\"elementor-heading-title elementor-size-default\">Si tu empleador est\u00e1 tratando de imponer una cl\u00e1usula de no competencia contra ti o contra alguien que conoces, cont\u00e1ctanos de inmediato. \n<\/p>\t\t\t\t<\/div>\n\t\t\t\t<\/div>\n\t\t\t\t<div class=\"elementor-element elementor-element-e5fcb52 elementor-widget elementor-widget-heading\" data-id=\"e5fcb52\" data-element_type=\"widget\" data-e-type=\"widget\" data-widget_type=\"heading.default\">\n\t\t\t\t<div class=\"elementor-widget-container\">\n\t\t\t\t\t<p class=\"elementor-heading-title elementor-size-default\">\u00a1Protegemos tus derechos! \n<\/p>\t\t\t\t<\/div>\n\t\t\t\t<\/div>\n\t\t\t\t<div class=\"elementor-element elementor-element-54433ae elementor-align-center elementor-widget elementor-widget-button\" data-id=\"54433ae\" data-element_type=\"widget\" data-e-type=\"widget\" data-widget_type=\"button.default\">\n\t\t\t\t<div class=\"elementor-widget-container\">\n\t\t\t\t\t\t\t\t\t<div class=\"elementor-button-wrapper\">\n\t\t\t\t\t<a class=\"elementor-button elementor-button-link elementor-size-sm\" href=\"#elementor-action%3Aaction%3Dpopup%3Aopen%26settings%3DeyJpZCI6IjEzNzIiLCJ0b2dnbGUiOmZhbHNlfQ%3D%3D\">\n\t\t\t\t\t\t<span class=\"elementor-button-content-wrapper\">\n\t\t\t\t\t\t\t\t\t<span class=\"elementor-button-text\">Agenda una consulta<\/span>\n\t\t\t\t\t<\/span>\n\t\t\t\t\t<\/a>\n\t\t\t\t<\/div>\n\t\t\t\t\t\t\t\t<\/div>\n\t\t\t\t<\/div>\n\t\t\t\t<\/div>\n\t\t\t\t\t<\/div>\n\t\t\t\t<\/div>\n\t\t\t\t<\/div>","protected":false},"excerpt":{"rendered":"<p>Non-Compete Clauses Non-compete clauses are designed to prohibit employees from engaging in competitive activities after leaving their current employer. However, California\u2019s Business and Professions Code 16600 makes these clauses unlawful and champions workers\u2019 freedom to move jobs effortlessly and without consequence.\u00a0 Despite their unenforceability, employers still include these clauses in contracts in policies thereby misleading [&hellip;]<\/p>\n","protected":false},"author":4,"featured_media":0,"parent":3102,"menu_order":13,"comment_status":"closed","ping_status":"closed","template":"","meta":{"_acf_changed":false,"footnotes":""},"class_list":["post-3114","page","type-page","status-publish","hentry"],"acf":[],"yoast_head":"<!-- This site is optimized with the Yoast SEO plugin v27.5 - https:\/\/yoast.com\/product\/yoast-seo-wordpress\/ -->\n<title>Non-Competition Clauses - Protection Law Group<\/title>\n<meta name=\"robots\" content=\"index, follow, max-snippet:-1, max-image-preview:large, max-video-preview:-1\" \/>\n<link rel=\"canonical\" href=\"https:\/\/www.protectionlawgroup.com\/es\/employment\/non-competition-clauses\/\" \/>\n<meta property=\"og:locale\" content=\"es_MX\" \/>\n<meta property=\"og:type\" content=\"article\" \/>\n<meta property=\"og:title\" content=\"Non-Competition Clauses - Protection Law Group\" \/>\n<meta property=\"og:description\" content=\"Non-Compete Clauses Non-compete clauses are designed to prohibit employees from engaging in competitive activities after leaving their current employer. However, California\u2019s Business and Professions Code 16600 makes these clauses unlawful and champions workers\u2019 freedom to move jobs effortlessly and without consequence.\u00a0 Despite their unenforceability, employers still include these clauses in contracts in policies thereby misleading [&hellip;]\" \/>\n<meta property=\"og:url\" content=\"https:\/\/www.protectionlawgroup.com\/es\/employment\/non-competition-clauses\/\" \/>\n<meta property=\"og:site_name\" content=\"Protection Law Group\" \/>\n<meta property=\"article:modified_time\" content=\"2024-10-31T01:49:47+00:00\" \/>\n<meta property=\"og:image\" content=\"https:\/\/www.protectionlawgroup.com\/wp-content\/uploads\/2024\/10\/Depositphotos_24695951_XL-1024x683.webp\" \/>\n<meta name=\"twitter:card\" content=\"summary_large_image\" \/>\n<meta name=\"twitter:label1\" content=\"Est. reading time\" \/>\n\t<meta name=\"twitter:data1\" content=\"1 minuto\" \/>\n<script type=\"application\/ld+json\" class=\"yoast-schema-graph\">{\"@context\":\"https:\\\/\\\/schema.org\",\"@graph\":[{\"@type\":\"WebPage\",\"@id\":\"https:\\\/\\\/www.protectionlawgroup.com\\\/employment\\\/non-competition-clauses\\\/\",\"url\":\"https:\\\/\\\/www.protectionlawgroup.com\\\/employment\\\/non-competition-clauses\\\/\",\"name\":\"Non-Competition Clauses - Protection Law Group\",\"isPartOf\":{\"@id\":\"https:\\\/\\\/www.protectionlawgroup.com\\\/es\\\/#website\"},\"primaryImageOfPage\":{\"@id\":\"https:\\\/\\\/www.protectionlawgroup.com\\\/employment\\\/non-competition-clauses\\\/#primaryimage\"},\"image\":{\"@id\":\"https:\\\/\\\/www.protectionlawgroup.com\\\/employment\\\/non-competition-clauses\\\/#primaryimage\"},\"thumbnailUrl\":\"https:\\\/\\\/www.protectionlawgroup.com\\\/wp-content\\\/uploads\\\/2024\\\/10\\\/Depositphotos_24695951_XL-1024x683.webp\",\"datePublished\":\"2024-10-14T23:36:45+00:00\",\"dateModified\":\"2024-10-31T01:49:47+00:00\",\"breadcrumb\":{\"@id\":\"https:\\\/\\\/www.protectionlawgroup.com\\\/employment\\\/non-competition-clauses\\\/#breadcrumb\"},\"inLanguage\":\"es\",\"potentialAction\":[{\"@type\":\"ReadAction\",\"target\":[\"https:\\\/\\\/www.protectionlawgroup.com\\\/employment\\\/non-competition-clauses\\\/\"]}]},{\"@type\":\"ImageObject\",\"inLanguage\":\"es\",\"@id\":\"https:\\\/\\\/www.protectionlawgroup.com\\\/employment\\\/non-competition-clauses\\\/#primaryimage\",\"url\":\"https:\\\/\\\/www.protectionlawgroup.com\\\/wp-content\\\/uploads\\\/2024\\\/10\\\/Depositphotos_24695951_XL-1024x683.webp\",\"contentUrl\":\"https:\\\/\\\/www.protectionlawgroup.com\\\/wp-content\\\/uploads\\\/2024\\\/10\\\/Depositphotos_24695951_XL-1024x683.webp\"},{\"@type\":\"BreadcrumbList\",\"@id\":\"https:\\\/\\\/www.protectionlawgroup.com\\\/employment\\\/non-competition-clauses\\\/#breadcrumb\",\"itemListElement\":[{\"@type\":\"ListItem\",\"position\":1,\"name\":\"Home\",\"item\":\"https:\\\/\\\/www.protectionlawgroup.com\\\/en\\\/\"},{\"@type\":\"ListItem\",\"position\":2,\"name\":\"Employment\",\"item\":\"https:\\\/\\\/www.protectionlawgroup.com\\\/employment\\\/\"},{\"@type\":\"ListItem\",\"position\":3,\"name\":\"Non-Competition Clauses\"}]},{\"@type\":\"WebSite\",\"@id\":\"https:\\\/\\\/www.protectionlawgroup.com\\\/es\\\/#website\",\"url\":\"https:\\\/\\\/www.protectionlawgroup.com\\\/es\\\/\",\"name\":\"Protection Law Group\",\"description\":\"California Employment Law Firm\",\"publisher\":{\"@id\":\"https:\\\/\\\/www.protectionlawgroup.com\\\/es\\\/#organization\"},\"potentialAction\":[{\"@type\":\"SearchAction\",\"target\":{\"@type\":\"EntryPoint\",\"urlTemplate\":\"https:\\\/\\\/www.protectionlawgroup.com\\\/es\\\/?s={search_term_string}\"},\"query-input\":{\"@type\":\"PropertyValueSpecification\",\"valueRequired\":true,\"valueName\":\"search_term_string\"}}],\"inLanguage\":\"es\"},{\"@type\":\"Organization\",\"@id\":\"https:\\\/\\\/www.protectionlawgroup.com\\\/es\\\/#organization\",\"name\":\"Protection Law Group\",\"url\":\"https:\\\/\\\/www.protectionlawgroup.com\\\/es\\\/\",\"logo\":{\"@type\":\"ImageObject\",\"inLanguage\":\"es\",\"@id\":\"https:\\\/\\\/www.protectionlawgroup.com\\\/es\\\/#\\\/schema\\\/logo\\\/image\\\/\",\"url\":\"https:\\\/\\\/www.protectionlawgroup.com\\\/wp-content\\\/uploads\\\/2023\\\/12\\\/PLGlg.svg\",\"contentUrl\":\"https:\\\/\\\/www.protectionlawgroup.com\\\/wp-content\\\/uploads\\\/2023\\\/12\\\/PLGlg.svg\",\"caption\":\"Protection Law Group\"},\"image\":{\"@id\":\"https:\\\/\\\/www.protectionlawgroup.com\\\/es\\\/#\\\/schema\\\/logo\\\/image\\\/\"}}]}<\/script>\n<!-- \/ Yoast SEO plugin. -->","yoast_head_json":{"title":"Non-Competition Clauses - Protection Law Group","robots":{"index":"index","follow":"follow","max-snippet":"max-snippet:-1","max-image-preview":"max-image-preview:large","max-video-preview":"max-video-preview:-1"},"canonical":"https:\/\/www.protectionlawgroup.com\/es\/employment\/non-competition-clauses\/","og_locale":"es_MX","og_type":"article","og_title":"Non-Competition Clauses - Protection Law Group","og_description":"Non-Compete Clauses Non-compete clauses are designed to prohibit employees from engaging in competitive activities after leaving their current employer. However, California\u2019s Business and Professions Code 16600 makes these clauses unlawful and champions workers\u2019 freedom to move jobs effortlessly and without consequence.\u00a0 Despite their unenforceability, employers still include these clauses in contracts in policies thereby misleading [&hellip;]","og_url":"https:\/\/www.protectionlawgroup.com\/es\/employment\/non-competition-clauses\/","og_site_name":"Protection Law Group","article_modified_time":"2024-10-31T01:49:47+00:00","og_image":[{"url":"https:\/\/www.protectionlawgroup.com\/wp-content\/uploads\/2024\/10\/Depositphotos_24695951_XL-1024x683.webp","type":"","width":"","height":""}],"twitter_card":"summary_large_image","twitter_misc":{"Est. reading time":"1 minuto"},"schema":{"@context":"https:\/\/schema.org","@graph":[{"@type":"WebPage","@id":"https:\/\/www.protectionlawgroup.com\/employment\/non-competition-clauses\/","url":"https:\/\/www.protectionlawgroup.com\/employment\/non-competition-clauses\/","name":"Non-Competition Clauses - Protection Law Group","isPartOf":{"@id":"https:\/\/www.protectionlawgroup.com\/es\/#website"},"primaryImageOfPage":{"@id":"https:\/\/www.protectionlawgroup.com\/employment\/non-competition-clauses\/#primaryimage"},"image":{"@id":"https:\/\/www.protectionlawgroup.com\/employment\/non-competition-clauses\/#primaryimage"},"thumbnailUrl":"https:\/\/www.protectionlawgroup.com\/wp-content\/uploads\/2024\/10\/Depositphotos_24695951_XL-1024x683.webp","datePublished":"2024-10-14T23:36:45+00:00","dateModified":"2024-10-31T01:49:47+00:00","breadcrumb":{"@id":"https:\/\/www.protectionlawgroup.com\/employment\/non-competition-clauses\/#breadcrumb"},"inLanguage":"es","potentialAction":[{"@type":"ReadAction","target":["https:\/\/www.protectionlawgroup.com\/employment\/non-competition-clauses\/"]}]},{"@type":"ImageObject","inLanguage":"es","@id":"https:\/\/www.protectionlawgroup.com\/employment\/non-competition-clauses\/#primaryimage","url":"https:\/\/www.protectionlawgroup.com\/wp-content\/uploads\/2024\/10\/Depositphotos_24695951_XL-1024x683.webp","contentUrl":"https:\/\/www.protectionlawgroup.com\/wp-content\/uploads\/2024\/10\/Depositphotos_24695951_XL-1024x683.webp"},{"@type":"BreadcrumbList","@id":"https:\/\/www.protectionlawgroup.com\/employment\/non-competition-clauses\/#breadcrumb","itemListElement":[{"@type":"ListItem","position":1,"name":"Home","item":"https:\/\/www.protectionlawgroup.com\/en\/"},{"@type":"ListItem","position":2,"name":"Employment","item":"https:\/\/www.protectionlawgroup.com\/employment\/"},{"@type":"ListItem","position":3,"name":"Non-Competition Clauses"}]},{"@type":"WebSite","@id":"https:\/\/www.protectionlawgroup.com\/es\/#website","url":"https:\/\/www.protectionlawgroup.com\/es\/","name":"Protection Law Group","description":"California Employment Law Firm","publisher":{"@id":"https:\/\/www.protectionlawgroup.com\/es\/#organization"},"potentialAction":[{"@type":"SearchAction","target":{"@type":"EntryPoint","urlTemplate":"https:\/\/www.protectionlawgroup.com\/es\/?s={search_term_string}"},"query-input":{"@type":"PropertyValueSpecification","valueRequired":true,"valueName":"search_term_string"}}],"inLanguage":"es"},{"@type":"Organization","@id":"https:\/\/www.protectionlawgroup.com\/es\/#organization","name":"Protection Law Group","url":"https:\/\/www.protectionlawgroup.com\/es\/","logo":{"@type":"ImageObject","inLanguage":"es","@id":"https:\/\/www.protectionlawgroup.com\/es\/#\/schema\/logo\/image\/","url":"https:\/\/www.protectionlawgroup.com\/wp-content\/uploads\/2023\/12\/PLGlg.svg","contentUrl":"https:\/\/www.protectionlawgroup.com\/wp-content\/uploads\/2023\/12\/PLGlg.svg","caption":"Protection Law Group"},"image":{"@id":"https:\/\/www.protectionlawgroup.com\/es\/#\/schema\/logo\/image\/"}}]}},"_links":{"self":[{"href":"https:\/\/www.protectionlawgroup.com\/es\/wp-json\/wp\/v2\/pages\/3114","targetHints":{"allow":["GET"]}}],"collection":[{"href":"https:\/\/www.protectionlawgroup.com\/es\/wp-json\/wp\/v2\/pages"}],"about":[{"href":"https:\/\/www.protectionlawgroup.com\/es\/wp-json\/wp\/v2\/types\/page"}],"author":[{"embeddable":true,"href":"https:\/\/www.protectionlawgroup.com\/es\/wp-json\/wp\/v2\/users\/4"}],"replies":[{"embeddable":true,"href":"https:\/\/www.protectionlawgroup.com\/es\/wp-json\/wp\/v2\/comments?post=3114"}],"version-history":[{"count":0,"href":"https:\/\/www.protectionlawgroup.com\/es\/wp-json\/wp\/v2\/pages\/3114\/revisions"}],"up":[{"embeddable":true,"href":"https:\/\/www.protectionlawgroup.com\/es\/wp-json\/wp\/v2\/pages\/3102"}],"wp:attachment":[{"href":"https:\/\/www.protectionlawgroup.com\/es\/wp-json\/wp\/v2\/media?parent=3114"}],"curies":[{"name":"wp","href":"https:\/\/api.w.org\/{rel}","templated":true}]}}