{"id":3155,"date":"2024-10-14T23:36:46","date_gmt":"2024-10-14T23:36:46","guid":{"rendered":"https:\/\/protection.abogadosnow.com\/personal-injury\/construction-accident\/"},"modified":"2024-10-31T02:01:47","modified_gmt":"2024-10-31T02:01:47","slug":"construction-accident","status":"publish","type":"page","link":"https:\/\/www.protectionlawgroup.com\/es\/el-segundo\/personal-injury\/construction-accident\/","title":{"rendered":"Accidentes en la Construcci\u00f3n"},"content":{"rendered":"<div data-elementor-type=\"wp-page\" data-elementor-id=\"3155\" class=\"elementor elementor-3155\" data-elementor-post-type=\"page\">\n\t\t\t\t<div class=\"elementor-element elementor-element-724e2ba4 e-con-full e-flex e-con e-parent\" data-id=\"724e2ba4\" data-element_type=\"container\" data-e-type=\"container\" data-settings=\"{&quot;background_background&quot;:&quot;classic&quot;}\">\n\t\t\t\t<div class=\"elementor-element elementor-element-5fc4d0bc elementor-widget elementor-widget-heading\" data-id=\"5fc4d0bc\" data-element_type=\"widget\" data-e-type=\"widget\" data-widget_type=\"heading.default\">\n\t\t\t\t<div class=\"elementor-widget-container\">\n\t\t\t\t\t<h2 class=\"elementor-heading-title elementor-size-default\">Lesiones en Sitios de Construcci\u00f3n<\/h2>\t\t\t\t<\/div>\n\t\t\t\t<\/div>\n\t\t\t\t<div class=\"elementor-element elementor-element-4f76b725 elementor-widget-divider--view-line elementor-widget elementor-widget-divider\" data-id=\"4f76b725\" data-element_type=\"widget\" data-e-type=\"widget\" data-widget_type=\"divider.default\">\n\t\t\t\t<div class=\"elementor-widget-container\">\n\t\t\t\t\t\t\t<div class=\"elementor-divider\">\n\t\t\t<span class=\"elementor-divider-separator\">\n\t\t\t\t\t\t<\/span>\n\t\t<\/div>\n\t\t\t\t\t\t<\/div>\n\t\t\t\t<\/div>\n\t\t\t\t<\/div>\n\t\t<div class=\"elementor-element elementor-element-1824d8f8 e-flex e-con-boxed e-con e-parent\" data-id=\"1824d8f8\" data-element_type=\"container\" data-e-type=\"container\">\n\t\t\t\t\t<div class=\"e-con-inner\">\n\t\t<div class=\"elementor-element elementor-element-289266f3 e-con-full e-flex e-con e-child\" data-id=\"289266f3\" data-element_type=\"container\" data-e-type=\"container\">\n\t\t\t\t<div class=\"elementor-element elementor-element-3541c289 elementor-widget elementor-widget-image\" data-id=\"3541c289\" data-element_type=\"widget\" data-e-type=\"widget\" data-widget_type=\"image.default\">\n\t\t\t\t<div class=\"elementor-widget-container\">\n\t\t\t\t\t\t\t\t\t\t\t\t\t\t\t<img decoding=\"async\" src=\"https:\/\/www.protectionlawgroup.com\/wp-content\/uploads\/elementor\/thumbs\/Depositphotos_671502998_XL-r574jj9dul65th1mgc1gy78xs8jx94hke15ihj5hm8.webp\" title=\"Depositphotos_671502998_XL\" alt=\"Depositphotos_671502998_XL\" loading=\"lazy\" \/>\t\t\t\t\t\t\t\t\t\t\t\t\t\t\t<\/div>\n\t\t\t\t<\/div>\n\t\t\t\t<div class=\"elementor-element elementor-element-3ebd5662 elementor-absolute elementor-widget elementor-widget-image\" data-id=\"3ebd5662\" data-element_type=\"widget\" data-e-type=\"widget\" data-settings=\"{&quot;_position&quot;:&quot;absolute&quot;}\" data-widget_type=\"image.default\">\n\t\t\t\t<div class=\"elementor-widget-container\">\n\t\t\t\t\t\t\t\t\t\t\t\t\t\t\t<img fetchpriority=\"high\" decoding=\"async\" width=\"800\" height=\"500\" src=\"https:\/\/www.protectionlawgroup.com\/wp-content\/uploads\/2023\/05\/border1-1024x640.png\" class=\"attachment-large size-large wp-image-853\" alt=\"\" srcset=\"https:\/\/www.protectionlawgroup.com\/wp-content\/uploads\/2023\/05\/border1-1024x640.png 1024w, https:\/\/www.protectionlawgroup.com\/wp-content\/uploads\/2023\/05\/border1-300x188.png 300w, https:\/\/www.protectionlawgroup.com\/wp-content\/uploads\/2023\/05\/border1-768x480.png 768w, https:\/\/www.protectionlawgroup.com\/wp-content\/uploads\/2023\/05\/border1-18x12.png 18w, https:\/\/www.protectionlawgroup.com\/wp-content\/uploads\/2023\/05\/border1.png 1440w\" sizes=\"(max-width: 800px) 100vw, 800px\" \/>\t\t\t\t\t\t\t\t\t\t\t\t\t\t\t<\/div>\n\t\t\t\t<\/div>\n\t\t\t\t<\/div>\n\t\t<div class=\"elementor-element elementor-element-7eee1113 e-con-full e-flex e-con e-child\" data-id=\"7eee1113\" data-element_type=\"container\" data-e-type=\"container\">\n\t\t\t\t<div class=\"elementor-element elementor-element-158a1dc1 elementor-widget elementor-widget-text-editor\" data-id=\"158a1dc1\" data-element_type=\"widget\" data-e-type=\"widget\" data-widget_type=\"text-editor.default\">\n\t\t\t\t<div class=\"elementor-widget-container\">\n\t\t\t\t\t\t\t\t\t<p>Los sitios de construcci\u00f3n son entornos caracter\u00edsticamente peligrosos, llenos de maquinaria pesada, herramientas poderosas y numerosos peligros potenciales. Algunas de las causas m\u00e1s comunes de lesiones que ocurren en los sitios de construcci\u00f3n incluye andamios inestables, peligros el\u00e9ctricos, herramientas defectuosas, exposici\u00f3n a productos qu\u00edmicos, objetos que caen, falta de equipo de seguridad adecuado y accidentes de resbalones y ca\u00eddas.\u00a0<\/p><p>Cuando un trabajador de la construcci\u00f3n resulta herido en el trabajo, el costo f\u00edsico, emocional y financiero puede ser abrumador. Los gastos m\u00e9dicos pueden aumentar r\u00e1pidamente, mientras que los salarios perdidos agravan la presi\u00f3n financiera. El dolor y el sufrimiento asociados con lesiones graves pueden tener un impacto profundo en la calidad de vida de una persona, afectando no solo al trabajador lesionado sino a toda su familia.\u00a0<\/p>\t\t\t\t\t\t\t\t<\/div>\n\t\t\t\t<\/div>\n\t\t\t\t<\/div>\n\t\t\t\t\t<\/div>\n\t\t\t\t<\/div>\n\t\t<div class=\"elementor-element elementor-element-78785d98 e-flex e-con-boxed e-con e-parent\" data-id=\"78785d98\" data-element_type=\"container\" data-e-type=\"container\" data-settings=\"{&quot;background_background&quot;:&quot;classic&quot;}\">\n\t\t\t\t\t<div class=\"e-con-inner\">\n\t\t<div class=\"elementor-element elementor-element-e4924f1 e-con-full e-flex e-con e-child\" data-id=\"e4924f1\" data-element_type=\"container\" data-e-type=\"container\" data-settings=\"{&quot;background_background&quot;:&quot;classic&quot;}\">\n\t\t\t\t<div class=\"elementor-element elementor-element-4dc5f2d1 elementor-widget elementor-widget-text-editor\" data-id=\"4dc5f2d1\" data-element_type=\"widget\" data-e-type=\"widget\" data-widget_type=\"text-editor.default\">\n\t\t\t\t<div class=\"elementor-widget-container\">\n\t\t\t\t\t\t\t\t\t<p>Los trabajadores lesionados en sitios de construcci\u00f3n pueden buscar compensaci\u00f3n por una amplia gama de da\u00f1os, incluyendo la cobertura de todos los gastos m\u00e9dicos relacionados con la lesi\u00f3n, tanto inmediatos como a largo plazo. La compensaci\u00f3n por salarios perdidos es crucial, considerando no solo el tiempo inmediatamente despu\u00e9s del accidente, sino tambi\u00e9n cualquier reducci\u00f3n en la capacidad de ganar en el futuro. Los da\u00f1os por dolor y sufrimiento reconocen el costo f\u00edsico y emocional de la lesi\u00f3n, mientras que la compensaci\u00f3n por angustia emocional reconoce el impacto psicol\u00f3gico de un accidente traum\u00e1tico.\u00a0<\/p>\t\t\t\t\t\t\t\t<\/div>\n\t\t\t\t<\/div>\n\t\t\t\t<\/div>\n\t\t\t\t\t<\/div>\n\t\t\t\t<\/div>\n\t\t<div class=\"elementor-element elementor-element-9b75eb3 e-flex e-con-boxed e-con e-parent\" data-id=\"9b75eb3\" data-element_type=\"container\" data-e-type=\"container\" data-settings=\"{&quot;background_background&quot;:&quot;classic&quot;}\">\n\t\t\t\t\t<div class=\"e-con-inner\">\n\t\t<div class=\"elementor-element elementor-element-21890811 e-con-full e-flex e-con e-child\" data-id=\"21890811\" data-element_type=\"container\" data-e-type=\"container\" data-settings=\"{&quot;background_background&quot;:&quot;classic&quot;}\">\n\t\t\t\t<div class=\"elementor-element elementor-element-6d8b464a elementor-widget elementor-widget-heading\" data-id=\"6d8b464a\" data-element_type=\"widget\" data-e-type=\"widget\" data-widget_type=\"heading.default\">\n\t\t\t\t<div class=\"elementor-widget-container\">\n\t\t\t\t\t<p class=\"elementor-heading-title elementor-size-default\">Si t\u00fa o alguien que conoces sufri\u00f3 una lesi\u00f3n en un sitio de construcci\u00f3n, cont\u00e1ctanos inmediatamente. \n<\/p>\t\t\t\t<\/div>\n\t\t\t\t<\/div>\n\t\t\t\t<div class=\"elementor-element elementor-element-7e5b0171 elementor-widget elementor-widget-heading\" data-id=\"7e5b0171\" data-element_type=\"widget\" data-e-type=\"widget\" data-widget_type=\"heading.default\">\n\t\t\t\t<div class=\"elementor-widget-container\">\n\t\t\t\t\t<p class=\"elementor-heading-title elementor-size-default\">\u00a1Protegemos tus derechos! \n<\/p>\t\t\t\t<\/div>\n\t\t\t\t<\/div>\n\t\t\t\t<div class=\"elementor-element elementor-element-a42c2ae elementor-align-center elementor-widget elementor-widget-button\" data-id=\"a42c2ae\" data-element_type=\"widget\" data-e-type=\"widget\" data-widget_type=\"button.default\">\n\t\t\t\t<div class=\"elementor-widget-container\">\n\t\t\t\t\t\t\t\t\t<div class=\"elementor-button-wrapper\">\n\t\t\t\t\t<a class=\"elementor-button elementor-button-link elementor-size-sm\" href=\"#elementor-action%3Aaction%3Dpopup%3Aopen%26settings%3DeyJpZCI6IjEzNzIiLCJ0b2dnbGUiOmZhbHNlfQ%3D%3D\">\n\t\t\t\t\t\t<span class=\"elementor-button-content-wrapper\">\n\t\t\t\t\t\t\t\t\t<span class=\"elementor-button-text\">Agenda una consulta<\/span>\n\t\t\t\t\t<\/span>\n\t\t\t\t\t<\/a>\n\t\t\t\t<\/div>\n\t\t\t\t\t\t\t\t<\/div>\n\t\t\t\t<\/div>\n\t\t\t\t<\/div>\n\t\t\t\t\t<\/div>\n\t\t\t\t<\/div>\n\t\t\t\t<\/div>","protected":false},"excerpt":{"rendered":"<p>Construction Injuries Construction sites are characteristically dangerous environments, filled with heavy machinery, powerful tools, and numerous potential hazards.\u00a0 Some of the most common causes of injuries occurring on construction sites include unstable scaffolding, electrical hazards, defective tools, chemical exposure, falling objects, lack of proper safety equipment, and slip-and-fall incidents.\u00a0 When a construction worker is injured [&hellip;]<\/p>\n","protected":false},"author":4,"featured_media":0,"parent":3135,"menu_order":54,"comment_status":"closed","ping_status":"closed","template":"","meta":{"_acf_changed":false,"footnotes":""},"class_list":["post-3155","page","type-page","status-publish","hentry"],"acf":[],"yoast_head":"<!-- This site is optimized with the Yoast SEO plugin v27.3 - https:\/\/yoast.com\/product\/yoast-seo-wordpress\/ -->\n<title>Construction Accident - Protection Law Group<\/title>\n<meta name=\"robots\" content=\"index, follow, max-snippet:-1, max-image-preview:large, max-video-preview:-1\" \/>\n<link rel=\"canonical\" href=\"https:\/\/www.protectionlawgroup.com\/es\/el-segundo\/personal-injury\/construction-accident\/\" \/>\n<meta property=\"og:locale\" content=\"es_MX\" \/>\n<meta property=\"og:type\" content=\"article\" \/>\n<meta property=\"og:title\" content=\"Construction Accident - Protection Law Group\" \/>\n<meta property=\"og:description\" content=\"Construction Injuries Construction sites are characteristically dangerous environments, filled with heavy machinery, powerful tools, and numerous potential hazards.\u00a0 Some of the most common causes of injuries occurring on construction sites include unstable scaffolding, electrical hazards, defective tools, chemical exposure, falling objects, lack of proper safety equipment, and slip-and-fall incidents.\u00a0 When a construction worker is injured [&hellip;]\" \/>\n<meta property=\"og:url\" content=\"https:\/\/www.protectionlawgroup.com\/es\/el-segundo\/personal-injury\/construction-accident\/\" \/>\n<meta property=\"og:site_name\" content=\"Protection Law Group\" \/>\n<meta property=\"article:modified_time\" content=\"2024-10-31T02:01:47+00:00\" \/>\n<meta property=\"og:image\" content=\"https:\/\/www.protectionlawgroup.com\/wp-content\/uploads\/elementor\/thumbs\/Depositphotos_671502998_XL-qwc1vzgpge2xtv9h6qf8qx3ii3s35pjeeag84mplkg.webp\" \/>\n<meta name=\"twitter:card\" content=\"summary_large_image\" \/>\n<meta name=\"twitter:label1\" content=\"Est. reading time\" \/>\n\t<meta name=\"twitter:data1\" content=\"1 minuto\" \/>\n<script type=\"application\/ld+json\" class=\"yoast-schema-graph\">{\"@context\":\"https:\\\/\\\/schema.org\",\"@graph\":[{\"@type\":\"WebPage\",\"@id\":\"https:\\\/\\\/www.protectionlawgroup.com\\\/el-segundo\\\/personal-injury\\\/construction-accident\\\/\",\"url\":\"https:\\\/\\\/www.protectionlawgroup.com\\\/el-segundo\\\/personal-injury\\\/construction-accident\\\/\",\"name\":\"Construction Accident - Protection Law Group\",\"isPartOf\":{\"@id\":\"https:\\\/\\\/www.protectionlawgroup.com\\\/es\\\/#website\"},\"primaryImageOfPage\":{\"@id\":\"https:\\\/\\\/www.protectionlawgroup.com\\\/el-segundo\\\/personal-injury\\\/construction-accident\\\/#primaryimage\"},\"image\":{\"@id\":\"https:\\\/\\\/www.protectionlawgroup.com\\\/el-segundo\\\/personal-injury\\\/construction-accident\\\/#primaryimage\"},\"thumbnailUrl\":\"https:\\\/\\\/www.protectionlawgroup.com\\\/wp-content\\\/uploads\\\/elementor\\\/thumbs\\\/Depositphotos_671502998_XL-qwc1vzgpge2xtv9h6qf8qx3ii3s35pjeeag84mplkg.webp\",\"datePublished\":\"2024-10-14T23:36:46+00:00\",\"dateModified\":\"2024-10-31T02:01:47+00:00\",\"breadcrumb\":{\"@id\":\"https:\\\/\\\/www.protectionlawgroup.com\\\/el-segundo\\\/personal-injury\\\/construction-accident\\\/#breadcrumb\"},\"inLanguage\":\"es\",\"potentialAction\":[{\"@type\":\"ReadAction\",\"target\":[\"https:\\\/\\\/www.protectionlawgroup.com\\\/el-segundo\\\/personal-injury\\\/construction-accident\\\/\"]}]},{\"@type\":\"ImageObject\",\"inLanguage\":\"es\",\"@id\":\"https:\\\/\\\/www.protectionlawgroup.com\\\/el-segundo\\\/personal-injury\\\/construction-accident\\\/#primaryimage\",\"url\":\"https:\\\/\\\/www.protectionlawgroup.com\\\/wp-content\\\/uploads\\\/elementor\\\/thumbs\\\/Depositphotos_671502998_XL-qwc1vzgpge2xtv9h6qf8qx3ii3s35pjeeag84mplkg.webp\",\"contentUrl\":\"https:\\\/\\\/www.protectionlawgroup.com\\\/wp-content\\\/uploads\\\/elementor\\\/thumbs\\\/Depositphotos_671502998_XL-qwc1vzgpge2xtv9h6qf8qx3ii3s35pjeeag84mplkg.webp\"},{\"@type\":\"BreadcrumbList\",\"@id\":\"https:\\\/\\\/www.protectionlawgroup.com\\\/el-segundo\\\/personal-injury\\\/construction-accident\\\/#breadcrumb\",\"itemListElement\":[{\"@type\":\"ListItem\",\"position\":1,\"name\":\"Home\",\"item\":\"https:\\\/\\\/www.protectionlawgroup.com\\\/en\\\/\"},{\"@type\":\"ListItem\",\"position\":2,\"name\":\"el segundo\",\"item\":\"https:\\\/\\\/www.protectionlawgroup.com\\\/el-segundo\\\/\"},{\"@type\":\"ListItem\",\"position\":3,\"name\":\"Personal Injury\",\"item\":\"https:\\\/\\\/www.protectionlawgroup.com\\\/el-segundo\\\/personal-injury\\\/\"},{\"@type\":\"ListItem\",\"position\":4,\"name\":\"Construction Accident\"}]},{\"@type\":\"WebSite\",\"@id\":\"https:\\\/\\\/www.protectionlawgroup.com\\\/es\\\/#website\",\"url\":\"https:\\\/\\\/www.protectionlawgroup.com\\\/es\\\/\",\"name\":\"Protection Law Group\",\"description\":\"California Employment Law Firm\",\"publisher\":{\"@id\":\"https:\\\/\\\/www.protectionlawgroup.com\\\/es\\\/#organization\"},\"potentialAction\":[{\"@type\":\"SearchAction\",\"target\":{\"@type\":\"EntryPoint\",\"urlTemplate\":\"https:\\\/\\\/www.protectionlawgroup.com\\\/es\\\/?s={search_term_string}\"},\"query-input\":{\"@type\":\"PropertyValueSpecification\",\"valueRequired\":true,\"valueName\":\"search_term_string\"}}],\"inLanguage\":\"es\"},{\"@type\":\"Organization\",\"@id\":\"https:\\\/\\\/www.protectionlawgroup.com\\\/es\\\/#organization\",\"name\":\"Protection Law Group\",\"url\":\"https:\\\/\\\/www.protectionlawgroup.com\\\/es\\\/\",\"logo\":{\"@type\":\"ImageObject\",\"inLanguage\":\"es\",\"@id\":\"https:\\\/\\\/www.protectionlawgroup.com\\\/es\\\/#\\\/schema\\\/logo\\\/image\\\/\",\"url\":\"https:\\\/\\\/www.protectionlawgroup.com\\\/wp-content\\\/uploads\\\/2023\\\/12\\\/PLGlg.svg\",\"contentUrl\":\"https:\\\/\\\/www.protectionlawgroup.com\\\/wp-content\\\/uploads\\\/2023\\\/12\\\/PLGlg.svg\",\"caption\":\"Protection Law Group\"},\"image\":{\"@id\":\"https:\\\/\\\/www.protectionlawgroup.com\\\/es\\\/#\\\/schema\\\/logo\\\/image\\\/\"}}]}<\/script>\n<!-- \/ Yoast SEO plugin. -->","yoast_head_json":{"title":"Construction Accident - Protection Law Group","robots":{"index":"index","follow":"follow","max-snippet":"max-snippet:-1","max-image-preview":"max-image-preview:large","max-video-preview":"max-video-preview:-1"},"canonical":"https:\/\/www.protectionlawgroup.com\/es\/el-segundo\/personal-injury\/construction-accident\/","og_locale":"es_MX","og_type":"article","og_title":"Construction Accident - Protection Law Group","og_description":"Construction Injuries Construction sites are characteristically dangerous environments, filled with heavy machinery, powerful tools, and numerous potential hazards.\u00a0 Some of the most common causes of injuries occurring on construction sites include unstable scaffolding, electrical hazards, defective tools, chemical exposure, falling objects, lack of proper safety equipment, and slip-and-fall incidents.\u00a0 When a construction worker is injured [&hellip;]","og_url":"https:\/\/www.protectionlawgroup.com\/es\/el-segundo\/personal-injury\/construction-accident\/","og_site_name":"Protection Law Group","article_modified_time":"2024-10-31T02:01:47+00:00","og_image":[{"url":"https:\/\/www.protectionlawgroup.com\/wp-content\/uploads\/elementor\/thumbs\/Depositphotos_671502998_XL-qwc1vzgpge2xtv9h6qf8qx3ii3s35pjeeag84mplkg.webp","type":"","width":"","height":""}],"twitter_card":"summary_large_image","twitter_misc":{"Est. reading time":"1 minuto"},"schema":{"@context":"https:\/\/schema.org","@graph":[{"@type":"WebPage","@id":"https:\/\/www.protectionlawgroup.com\/el-segundo\/personal-injury\/construction-accident\/","url":"https:\/\/www.protectionlawgroup.com\/el-segundo\/personal-injury\/construction-accident\/","name":"Construction Accident - Protection Law Group","isPartOf":{"@id":"https:\/\/www.protectionlawgroup.com\/es\/#website"},"primaryImageOfPage":{"@id":"https:\/\/www.protectionlawgroup.com\/el-segundo\/personal-injury\/construction-accident\/#primaryimage"},"image":{"@id":"https:\/\/www.protectionlawgroup.com\/el-segundo\/personal-injury\/construction-accident\/#primaryimage"},"thumbnailUrl":"https:\/\/www.protectionlawgroup.com\/wp-content\/uploads\/elementor\/thumbs\/Depositphotos_671502998_XL-qwc1vzgpge2xtv9h6qf8qx3ii3s35pjeeag84mplkg.webp","datePublished":"2024-10-14T23:36:46+00:00","dateModified":"2024-10-31T02:01:47+00:00","breadcrumb":{"@id":"https:\/\/www.protectionlawgroup.com\/el-segundo\/personal-injury\/construction-accident\/#breadcrumb"},"inLanguage":"es","potentialAction":[{"@type":"ReadAction","target":["https:\/\/www.protectionlawgroup.com\/el-segundo\/personal-injury\/construction-accident\/"]}]},{"@type":"ImageObject","inLanguage":"es","@id":"https:\/\/www.protectionlawgroup.com\/el-segundo\/personal-injury\/construction-accident\/#primaryimage","url":"https:\/\/www.protectionlawgroup.com\/wp-content\/uploads\/elementor\/thumbs\/Depositphotos_671502998_XL-qwc1vzgpge2xtv9h6qf8qx3ii3s35pjeeag84mplkg.webp","contentUrl":"https:\/\/www.protectionlawgroup.com\/wp-content\/uploads\/elementor\/thumbs\/Depositphotos_671502998_XL-qwc1vzgpge2xtv9h6qf8qx3ii3s35pjeeag84mplkg.webp"},{"@type":"BreadcrumbList","@id":"https:\/\/www.protectionlawgroup.com\/el-segundo\/personal-injury\/construction-accident\/#breadcrumb","itemListElement":[{"@type":"ListItem","position":1,"name":"Home","item":"https:\/\/www.protectionlawgroup.com\/en\/"},{"@type":"ListItem","position":2,"name":"el segundo","item":"https:\/\/www.protectionlawgroup.com\/el-segundo\/"},{"@type":"ListItem","position":3,"name":"Personal Injury","item":"https:\/\/www.protectionlawgroup.com\/el-segundo\/personal-injury\/"},{"@type":"ListItem","position":4,"name":"Construction Accident"}]},{"@type":"WebSite","@id":"https:\/\/www.protectionlawgroup.com\/es\/#website","url":"https:\/\/www.protectionlawgroup.com\/es\/","name":"Protection Law Group","description":"California Employment Law Firm","publisher":{"@id":"https:\/\/www.protectionlawgroup.com\/es\/#organization"},"potentialAction":[{"@type":"SearchAction","target":{"@type":"EntryPoint","urlTemplate":"https:\/\/www.protectionlawgroup.com\/es\/?s={search_term_string}"},"query-input":{"@type":"PropertyValueSpecification","valueRequired":true,"valueName":"search_term_string"}}],"inLanguage":"es"},{"@type":"Organization","@id":"https:\/\/www.protectionlawgroup.com\/es\/#organization","name":"Protection Law Group","url":"https:\/\/www.protectionlawgroup.com\/es\/","logo":{"@type":"ImageObject","inLanguage":"es","@id":"https:\/\/www.protectionlawgroup.com\/es\/#\/schema\/logo\/image\/","url":"https:\/\/www.protectionlawgroup.com\/wp-content\/uploads\/2023\/12\/PLGlg.svg","contentUrl":"https:\/\/www.protectionlawgroup.com\/wp-content\/uploads\/2023\/12\/PLGlg.svg","caption":"Protection Law Group"},"image":{"@id":"https:\/\/www.protectionlawgroup.com\/es\/#\/schema\/logo\/image\/"}}]}},"_links":{"self":[{"href":"https:\/\/www.protectionlawgroup.com\/es\/wp-json\/wp\/v2\/pages\/3155","targetHints":{"allow":["GET"]}}],"collection":[{"href":"https:\/\/www.protectionlawgroup.com\/es\/wp-json\/wp\/v2\/pages"}],"about":[{"href":"https:\/\/www.protectionlawgroup.com\/es\/wp-json\/wp\/v2\/types\/page"}],"author":[{"embeddable":true,"href":"https:\/\/www.protectionlawgroup.com\/es\/wp-json\/wp\/v2\/users\/4"}],"replies":[{"embeddable":true,"href":"https:\/\/www.protectionlawgroup.com\/es\/wp-json\/wp\/v2\/comments?post=3155"}],"version-history":[{"count":0,"href":"https:\/\/www.protectionlawgroup.com\/es\/wp-json\/wp\/v2\/pages\/3155\/revisions"}],"up":[{"embeddable":true,"href":"https:\/\/www.protectionlawgroup.com\/es\/wp-json\/wp\/v2\/pages\/3135"}],"wp:attachment":[{"href":"https:\/\/www.protectionlawgroup.com\/es\/wp-json\/wp\/v2\/media?parent=3155"}],"curies":[{"name":"wp","href":"https:\/\/api.w.org\/{rel}","templated":true}]}}